{"id":172575,"date":"2026-03-27T18:58:31","date_gmt":"2026-03-27T22:58:31","guid":{"rendered":"https:\/\/arbomedic.com\/politique-de-confidentialite\/"},"modified":"2026-04-08T13:53:12","modified_gmt":"2026-04-08T17:53:12","slug":"politique-de-confidentialite","status":"publish","type":"page","link":"https:\/\/arbomedic.com\/fr\/politique-de-confidentialite\/","title":{"rendered":"Politique de confidentialit\u00e9"},"content":{"rendered":"<div class=\"wpb-content-wrapper\"><p>[vc_row][vc_column width=\u00a0\u00bb1\/1&Prime;][\/vc_column][\/vc_row][vc_row unlock_row_content=\u00a0\u00bbyes\u00a0\u00bb row_height_percent=\u00a0\u00bb0&Prime; override_padding=\u00a0\u00bbyes\u00a0\u00bb h_padding=\u00a0\u00bb3&Prime; top_padding=\u00a0\u00bb3&Prime; bottom_padding=\u00a0\u00bb2&Prime; parallax=\u00a0\u00bbyes\u00a0\u00bb overlay_alpha=\u00a0\u00bb50&Prime; gutter_size=\u00a0\u00bb3&Prime; column_width_percent=\u00a0\u00bb100&Prime; shift_y=\u00a0\u00bb0&Prime; z_index=\u00a0\u00bb0&Prime; bottom_divider=\u00a0\u00bbmountains\u00a0\u00bb content_parallax=\u00a0\u00bb0&Prime; uncode_shortcode_id=\u00a0\u00bb137103&Prime;][vc_column column_width_percent=\u00a0\u00bb100&Prime; position_vertical=\u00a0\u00bbmiddle\u00a0\u00bb gutter_size=\u00a0\u00bb3&Prime; style=\u00a0\u00bblight\u00a0\u00bb font_family=\u00a0\u00bbfont-318713&Prime; overlay_alpha=\u00a0\u00bb50&Prime; shift_x=\u00a0\u00bb0&Prime; shift_y=\u00a0\u00bb0&Prime; shift_y_down=\u00a0\u00bb0&Prime; z_index=\u00a0\u00bb0&Prime; medium_width=\u00a0\u00bb0&Prime; mobile_width=\u00a0\u00bb0&Prime; toggle=\u00a0\u00bbyes\u00a0\u00bb max_height=\u00a0\u00bb50vh\u00a0\u00bb closed_txt=\u00a0\u00bb\u00a0\u00bb icon_closed=\u00a0\u00bbfa fa-chevron-down\u00a0\u00bb btn_margin=\u00a0\u00bbstd\u00a0\u00bb open_txt=\u00a0\u00bb\u00a0\u00bb icon_open=\u00a0\u00bbfa fa-chevron-up\u00a0\u00bb btn_margin_open=\u00a0\u00bbstd\u00a0\u00bb fade=\u00a0\u00bbsm\u00a0\u00bb btn_align=\u00a0\u00bbleft\u00a0\u00bb toggle_scroll=\u00a0\u00bbyes\u00a0\u00bb width=\u00a0\u00bb1\/1&Prime; uncode_shortcode_id=\u00a0\u00bb104523&Prime;][vc_custom_heading text_color=\u00a0\u00bbcolor-210407&Prime; heading_semantic=\u00a0\u00bbh3&Prime; text_size=\u00a0\u00bbcustom\u00a0\u00bb text_weight=\u00a0\u00bb500&Prime; uncode_shortcode_id=\u00a0\u00bb100217&Prime; text_color_type=\u00a0\u00bbuncode-palette\u00a0\u00bb heading_custom_size=\u00a0\u00bb40px\u00a0\u00bb]Politique de Confidentialit\u00e9[\/vc_custom_heading][vc_custom_heading heading_semantic=\u00a0\u00bbdiv\u00a0\u00bb text_size=\u00a0\u00bbcustom\u00a0\u00bb text_weight=\u00a0\u00bb400&Prime; text_height=\u00a0\u00bbfontheight-357766&Prime; uncode_shortcode_id=\u00a0\u00bb110675&Prime; heading_custom_size=\u00a0\u00bb20px\u00a0\u00bb text_color_type=\u00a0\u00bbuncode-solid\u00a0\u00bb text_color_solid=\u00a0\u00bb#5b5b5b\u00a0\u00bb]Partage des donn\u00e9es<\/p>\n<p>&nbsp;<\/p>\n<ul>\n<li>Les donn\u00e9es des clients ne sont pas partag\u00e9es avec des tiers \u00e0 des fins promotionnelles ou marketing.<\/li>\n<li>L\u2019adh\u00e9sion mobile et le consentement ne sont jamais partag\u00e9s avec qui que ce soit, \u00e0 quelque fin que ce soit. Tout partage d\u2019informations pouvant \u00eatre mentionn\u00e9 ailleurs dans la pr\u00e9sente politique exclut les donn\u00e9es d\u2019adh\u00e9sion mobile.<\/li>\n<\/ul>\n<p>&nbsp;<\/p>\n<p><strong>Conditions g\u00e9n\u00e9rales de messagerie<\/strong><\/p>\n<p>&nbsp;<\/p>\n<p>1. Le programme de messagerie se compose de .<\/p>\n<p>&nbsp;<\/p>\n<p>2. Vous pouvez annuler le service SMS \u00e0 tout moment. Il vous suffit d\u2019envoyer \u00ab STOP \u00bb par SMS au num\u00e9ro de t\u00e9l\u00e9phone depuis lequel vous avez re\u00e7u les messages. Apr\u00e8s nous avoir envoy\u00e9 le SMS \u00ab STOP \u00bb, nous vous enverrons un SMS pour confirmer que vous avez \u00e9t\u00e9 d\u00e9sabonn\u00e9(e). Apr\u00e8s cela, vous ne recevrez plus de SMS de notre part. Si vous souhaitez vous r\u00e9inscrire, il vous suffit de vous inscrire comme la premi\u00e8re fois et nous recommencerons \u00e0 vous envoyer des SMS.<\/p>\n<p>&nbsp;<\/p>\n<p>3. Si vous rencontrez des probl\u00e8mes avec le programme de messagerie, vous pouvez r\u00e9pondre avec le mot-cl\u00e9 HELP pour obtenir davantage d\u2019assistance, ou obtenir de l\u2019aide directement \u00e0 .<\/p>\n<p>&nbsp;<\/p>\n<p>4. Les op\u00e9rateurs ne sont pas responsables des messages retard\u00e9s ou non livr\u00e9s.<\/p>\n<p>&nbsp;<\/p>\n<p>5. Comme toujours, des frais de messagerie et de donn\u00e9es peuvent s\u2019appliquer pour tout message que nous vous envoyons et que vous nous envoyez. La fr\u00e9quence des messages variera selon les besoins de communication. Si vous avez des questions concernant votre forfait SMS ou votre forfait de donn\u00e9es, il est pr\u00e9f\u00e9rable de contacter votre op\u00e9rateur mobile.[\/vc_custom_heading][\/vc_column][\/vc_row][vc_row][vc_column width=\u00a0\u00bb1\/1&Prime;][\/vc_column][\/vc_row]<\/p>\n<\/div>","protected":false},"excerpt":{"rendered":"<p>[vc_row][vc_column width=\u00a0\u00bb1\/1&Prime;][\/vc_column][\/vc_row][vc_row unlock_row_content=\u00a0\u00bbyes\u00a0\u00bb row_height_percent=\u00a0\u00bb0&Prime; override_padding=\u00a0\u00bbyes\u00a0\u00bb h_padding=\u00a0\u00bb3&Prime; top_padding=\u00a0\u00bb3&Prime; bottom_padding=\u00a0\u00bb2&Prime; parallax=\u00a0\u00bbyes\u00a0\u00bb overlay_alpha=\u00a0\u00bb50&Prime; gutter_size=\u00a0\u00bb3&Prime; column_width_percent=\u00a0\u00bb100&Prime; shift_y=\u00a0\u00bb0&Prime; z_index=\u00a0\u00bb0&Prime; bottom_divider=\u00a0\u00bbmountains\u00a0\u00bb content_parallax=\u00a0\u00bb0&Prime; uncode_shortcode_id=\u00a0\u00bb137103&Prime;][vc_column column_width_percent=\u00a0\u00bb100&Prime; position_vertical=\u00a0\u00bbmiddle\u00a0\u00bb gutter_size=\u00a0\u00bb3&Prime; [&hellip;]<\/p>\n","protected":false},"author":4,"featured_media":0,"parent":0,"menu_order":0,"comment_status":"closed","ping_status":"closed","template":"","meta":{"_monsterinsights_skip_tracking":false,"_monsterinsights_sitenote_active":false,"_monsterinsights_sitenote_note":"","_monsterinsights_sitenote_category":0,"footnotes":""},"class_list":["post-172575","page","type-page","status-publish","hentry"],"yoast_head":"<!-- This site is optimized with the Yoast SEO plugin v27.4 - https:\/\/yoast.com\/product\/yoast-seo-wordpress\/ -->\n<title>Politique de confidentialit\u00e9 - ArboM\u00e9dic<\/title>\n<meta name=\"robots\" content=\"index, follow, max-snippet:-1, max-image-preview:large, max-video-preview:-1\" \/>\n<link rel=\"canonical\" href=\"https:\/\/arbomedic.com\/fr\/politique-de-confidentialite\/\" \/>\n<meta property=\"og:locale\" content=\"fr_FR\" \/>\n<meta property=\"og:type\" content=\"article\" \/>\n<meta property=\"og:title\" content=\"Politique de confidentialit\u00e9 - ArboM\u00e9dic\" \/>\n<meta property=\"og:description\" content=\"[vc_row][vc_column width=\u00a0\u00bb1\/1&Prime;][\/vc_column][\/vc_row][vc_row unlock_row_content=\u00a0\u00bbyes\u00a0\u00bb row_height_percent=\u00a0\u00bb0&Prime; override_padding=\u00a0\u00bbyes\u00a0\u00bb h_padding=\u00a0\u00bb3&Prime; top_padding=\u00a0\u00bb3&Prime; bottom_padding=\u00a0\u00bb2&Prime; parallax=\u00a0\u00bbyes\u00a0\u00bb overlay_alpha=\u00a0\u00bb50&Prime; gutter_size=\u00a0\u00bb3&Prime; column_width_percent=\u00a0\u00bb100&Prime; shift_y=\u00a0\u00bb0&Prime; z_index=\u00a0\u00bb0&Prime; bottom_divider=\u00a0\u00bbmountains\u00a0\u00bb content_parallax=\u00a0\u00bb0&Prime; uncode_shortcode_id=\u00a0\u00bb137103&Prime;][vc_column column_width_percent=\u00a0\u00bb100&Prime; position_vertical=\u00a0\u00bbmiddle\u00a0\u00bb gutter_size=\u00a0\u00bb3&Prime; [&hellip;]\" \/>\n<meta property=\"og:url\" content=\"https:\/\/arbomedic.com\/fr\/politique-de-confidentialite\/\" \/>\n<meta property=\"og:site_name\" content=\"ArboM\u00e9dic\" \/>\n<meta property=\"article:publisher\" content=\"https:\/\/www.facebook.com\/profile.php?id=61577542282703\" \/>\n<meta property=\"article:modified_time\" content=\"2026-04-08T17:53:12+00:00\" \/>\n<meta name=\"twitter:card\" content=\"summary_large_image\" \/>\n<meta name=\"twitter:label1\" content=\"Dur\u00e9e de lecture estim\u00e9e\" \/>\n\t<meta name=\"twitter:data1\" content=\"2 minutes\" \/>\n<script type=\"application\/ld+json\" class=\"yoast-schema-graph\">{\"@context\":\"https:\\\/\\\/schema.org\",\"@graph\":[{\"@type\":\"WebPage\",\"@id\":\"https:\\\/\\\/arbomedic.com\\\/fr\\\/politique-de-confidentialite\\\/\",\"url\":\"https:\\\/\\\/arbomedic.com\\\/fr\\\/politique-de-confidentialite\\\/\",\"name\":\"Politique de confidentialit\u00e9 - ArboM\u00e9dic\",\"isPartOf\":{\"@id\":\"https:\\\/\\\/arbomedic.com\\\/fr\\\/#website\"},\"datePublished\":\"2026-03-27T22:58:31+00:00\",\"dateModified\":\"2026-04-08T17:53:12+00:00\",\"breadcrumb\":{\"@id\":\"https:\\\/\\\/arbomedic.com\\\/fr\\\/politique-de-confidentialite\\\/#breadcrumb\"},\"inLanguage\":\"fr-FR\",\"potentialAction\":[{\"@type\":\"ReadAction\",\"target\":[\"https:\\\/\\\/arbomedic.com\\\/fr\\\/politique-de-confidentialite\\\/\"]}]},{\"@type\":\"BreadcrumbList\",\"@id\":\"https:\\\/\\\/arbomedic.com\\\/fr\\\/politique-de-confidentialite\\\/#breadcrumb\",\"itemListElement\":[{\"@type\":\"ListItem\",\"position\":1,\"name\":\"Home\",\"item\":\"https:\\\/\\\/arbomedic.com\\\/fr\\\/arbomedic\\\/\"},{\"@type\":\"ListItem\",\"position\":2,\"name\":\"Politique de confidentialit\u00e9\"}]},{\"@type\":\"WebSite\",\"@id\":\"https:\\\/\\\/arbomedic.com\\\/fr\\\/#website\",\"url\":\"https:\\\/\\\/arbomedic.com\\\/fr\\\/\",\"name\":\"ArboMedic\",\"description\":\"Votre expert-conseil en arboriculture \u00e0 Montr\u00e9al.\",\"publisher\":{\"@id\":\"https:\\\/\\\/arbomedic.com\\\/fr\\\/#organization\"},\"potentialAction\":[{\"@type\":\"SearchAction\",\"target\":{\"@type\":\"EntryPoint\",\"urlTemplate\":\"https:\\\/\\\/arbomedic.com\\\/fr\\\/?s={search_term_string}\"},\"query-input\":{\"@type\":\"PropertyValueSpecification\",\"valueRequired\":true,\"valueName\":\"search_term_string\"}}],\"inLanguage\":\"fr-FR\"},{\"@type\":\"Organization\",\"@id\":\"https:\\\/\\\/arbomedic.com\\\/fr\\\/#organization\",\"name\":\"ArboMedic\",\"url\":\"https:\\\/\\\/arbomedic.com\\\/fr\\\/\",\"logo\":{\"@type\":\"ImageObject\",\"inLanguage\":\"fr-FR\",\"@id\":\"https:\\\/\\\/arbomedic.com\\\/fr\\\/#\\\/schema\\\/logo\\\/image\\\/\",\"url\":\"https:\\\/\\\/arbomedic.com\\\/wp-content\\\/uploads\\\/2026\\\/02\\\/logo-ArboMedic.svg\",\"contentUrl\":\"https:\\\/\\\/arbomedic.com\\\/wp-content\\\/uploads\\\/2026\\\/02\\\/logo-ArboMedic.svg\",\"width\":411,\"height\":1756,\"caption\":\"ArboMedic\"},\"image\":{\"@id\":\"https:\\\/\\\/arbomedic.com\\\/fr\\\/#\\\/schema\\\/logo\\\/image\\\/\"},\"sameAs\":[\"https:\\\/\\\/www.facebook.com\\\/profile.php?id=61577542282703\",\"https:\\\/\\\/www.youtube.com\\\/@arbomedic\",\"https:\\\/\\\/www.instagram.com\\\/arbomedic\"]}]}<\/script>\n<!-- \/ Yoast SEO plugin. -->","yoast_head_json":{"title":"Politique de confidentialit\u00e9 - ArboM\u00e9dic","robots":{"index":"index","follow":"follow","max-snippet":"max-snippet:-1","max-image-preview":"max-image-preview:large","max-video-preview":"max-video-preview:-1"},"canonical":"https:\/\/arbomedic.com\/fr\/politique-de-confidentialite\/","og_locale":"fr_FR","og_type":"article","og_title":"Politique de confidentialit\u00e9 - ArboM\u00e9dic","og_description":"[vc_row][vc_column width=\u00a0\u00bb1\/1&Prime;][\/vc_column][\/vc_row][vc_row unlock_row_content=\u00a0\u00bbyes\u00a0\u00bb row_height_percent=\u00a0\u00bb0&Prime; override_padding=\u00a0\u00bbyes\u00a0\u00bb h_padding=\u00a0\u00bb3&Prime; top_padding=\u00a0\u00bb3&Prime; bottom_padding=\u00a0\u00bb2&Prime; parallax=\u00a0\u00bbyes\u00a0\u00bb overlay_alpha=\u00a0\u00bb50&Prime; gutter_size=\u00a0\u00bb3&Prime; column_width_percent=\u00a0\u00bb100&Prime; shift_y=\u00a0\u00bb0&Prime; z_index=\u00a0\u00bb0&Prime; bottom_divider=\u00a0\u00bbmountains\u00a0\u00bb content_parallax=\u00a0\u00bb0&Prime; uncode_shortcode_id=\u00a0\u00bb137103&Prime;][vc_column column_width_percent=\u00a0\u00bb100&Prime; position_vertical=\u00a0\u00bbmiddle\u00a0\u00bb gutter_size=\u00a0\u00bb3&Prime; [&hellip;]","og_url":"https:\/\/arbomedic.com\/fr\/politique-de-confidentialite\/","og_site_name":"ArboM\u00e9dic","article_publisher":"https:\/\/www.facebook.com\/profile.php?id=61577542282703","article_modified_time":"2026-04-08T17:53:12+00:00","twitter_card":"summary_large_image","twitter_misc":{"Dur\u00e9e de lecture estim\u00e9e":"2 minutes"},"schema":{"@context":"https:\/\/schema.org","@graph":[{"@type":"WebPage","@id":"https:\/\/arbomedic.com\/fr\/politique-de-confidentialite\/","url":"https:\/\/arbomedic.com\/fr\/politique-de-confidentialite\/","name":"Politique de confidentialit\u00e9 - ArboM\u00e9dic","isPartOf":{"@id":"https:\/\/arbomedic.com\/fr\/#website"},"datePublished":"2026-03-27T22:58:31+00:00","dateModified":"2026-04-08T17:53:12+00:00","breadcrumb":{"@id":"https:\/\/arbomedic.com\/fr\/politique-de-confidentialite\/#breadcrumb"},"inLanguage":"fr-FR","potentialAction":[{"@type":"ReadAction","target":["https:\/\/arbomedic.com\/fr\/politique-de-confidentialite\/"]}]},{"@type":"BreadcrumbList","@id":"https:\/\/arbomedic.com\/fr\/politique-de-confidentialite\/#breadcrumb","itemListElement":[{"@type":"ListItem","position":1,"name":"Home","item":"https:\/\/arbomedic.com\/fr\/arbomedic\/"},{"@type":"ListItem","position":2,"name":"Politique de confidentialit\u00e9"}]},{"@type":"WebSite","@id":"https:\/\/arbomedic.com\/fr\/#website","url":"https:\/\/arbomedic.com\/fr\/","name":"ArboMedic","description":"Votre expert-conseil en arboriculture \u00e0 Montr\u00e9al.","publisher":{"@id":"https:\/\/arbomedic.com\/fr\/#organization"},"potentialAction":[{"@type":"SearchAction","target":{"@type":"EntryPoint","urlTemplate":"https:\/\/arbomedic.com\/fr\/?s={search_term_string}"},"query-input":{"@type":"PropertyValueSpecification","valueRequired":true,"valueName":"search_term_string"}}],"inLanguage":"fr-FR"},{"@type":"Organization","@id":"https:\/\/arbomedic.com\/fr\/#organization","name":"ArboMedic","url":"https:\/\/arbomedic.com\/fr\/","logo":{"@type":"ImageObject","inLanguage":"fr-FR","@id":"https:\/\/arbomedic.com\/fr\/#\/schema\/logo\/image\/","url":"https:\/\/arbomedic.com\/wp-content\/uploads\/2026\/02\/logo-ArboMedic.svg","contentUrl":"https:\/\/arbomedic.com\/wp-content\/uploads\/2026\/02\/logo-ArboMedic.svg","width":411,"height":1756,"caption":"ArboMedic"},"image":{"@id":"https:\/\/arbomedic.com\/fr\/#\/schema\/logo\/image\/"},"sameAs":["https:\/\/www.facebook.com\/profile.php?id=61577542282703","https:\/\/www.youtube.com\/@arbomedic","https:\/\/www.instagram.com\/arbomedic"]}]}},"_links":{"self":[{"href":"https:\/\/arbomedic.com\/fr\/wp-json\/wp\/v2\/pages\/172575","targetHints":{"allow":["GET"]}}],"collection":[{"href":"https:\/\/arbomedic.com\/fr\/wp-json\/wp\/v2\/pages"}],"about":[{"href":"https:\/\/arbomedic.com\/fr\/wp-json\/wp\/v2\/types\/page"}],"author":[{"embeddable":true,"href":"https:\/\/arbomedic.com\/fr\/wp-json\/wp\/v2\/users\/4"}],"replies":[{"embeddable":true,"href":"https:\/\/arbomedic.com\/fr\/wp-json\/wp\/v2\/comments?post=172575"}],"version-history":[{"count":4,"href":"https:\/\/arbomedic.com\/fr\/wp-json\/wp\/v2\/pages\/172575\/revisions"}],"predecessor-version":[{"id":173689,"href":"https:\/\/arbomedic.com\/fr\/wp-json\/wp\/v2\/pages\/172575\/revisions\/173689"}],"wp:attachment":[{"href":"https:\/\/arbomedic.com\/fr\/wp-json\/wp\/v2\/media?parent=172575"}],"curies":[{"name":"wp","href":"https:\/\/api.w.org\/{rel}","templated":true}]}}