{"id":173396,"date":"2026-04-06T13:55:29","date_gmt":"2026-04-06T17:55:29","guid":{"rendered":"https:\/\/arbomedic.com\/blogue\/"},"modified":"2026-04-06T21:55:32","modified_gmt":"2026-04-07T01:55:32","slug":"blogue","status":"publish","type":"page","link":"https:\/\/arbomedic.com\/fr\/blogue\/","title":{"rendered":"Blogue"},"content":{"rendered":"<div class=\"wpb-content-wrapper\"><p>[vc_row row_height_percent=\u00a0\u00bb0&Prime; override_padding=\u00a0\u00bbyes\u00a0\u00bb h_padding=\u00a0\u00bb2&Prime; top_padding=\u00a0\u00bb7&Prime; bottom_padding=\u00a0\u00bb3&Prime; back_color=\u00a0\u00bbcolor-xsdn\u00a0\u00bb overlay_alpha=\u00a0\u00bb50&Prime; gutter_size=\u00a0\u00bb4&Prime; column_width_percent=\u00a0\u00bb100&Prime; shift_y=\u00a0\u00bb0&Prime; z_index=\u00a0\u00bb0&Prime; content_parallax=\u00a0\u00bb0&Prime; uncode_shortcode_id=\u00a0\u00bb121393&Prime; back_color_type=\u00a0\u00bbuncode-palette\u00a0\u00bb][vc_column column_width_percent=\u00a0\u00bb100&Prime; gutter_size=\u00a0\u00bb3&Prime; style=\u00a0\u00bblight\u00a0\u00bb overlay_alpha=\u00a0\u00bb50&Prime; shift_x=\u00a0\u00bb0&Prime; shift_y=\u00a0\u00bb0&Prime; shift_y_down=\u00a0\u00bb0&Prime; z_index=\u00a0\u00bb0&Prime; medium_width=\u00a0\u00bb4&Prime; mobile_width=\u00a0\u00bb0&Prime; width=\u00a0\u00bb6\/12&Prime; el_class=\u00a0\u00bbimage-card image-card-triple\u00a0\u00bb uncode_shortcode_id=\u00a0\u00bb692033&Prime;][vc_single_image media=\u00a0\u00bb172521&Prime; media_width_percent=\u00a0\u00bb100&Prime; media_ratio=\u00a0\u00bbone-one\u00a0\u00bb alignment=\u00a0\u00bbright\u00a0\u00bb shape=\u00a0\u00bbimg-round\u00a0\u00bb radius=\u00a0\u00bblg\u00a0\u00bb shadow=\u00a0\u00bbyes\u00a0\u00bb shadow_weight=\u00a0\u00bblg\u00a0\u00bb css_animation=\u00a0\u00bbparallax\u00a0\u00bb parallax_intensity=\u00a0\u00bb2&Prime; uncode_shortcode_id=\u00a0\u00bb148220&Prime;][vc_single_image media=\u00a0\u00bb172478&Prime; media_width_percent=\u00a0\u00bb100&Prime; media_ratio=\u00a0\u00bbone-one\u00a0\u00bb alignment=\u00a0\u00bbright\u00a0\u00bb shape=\u00a0\u00bbimg-round\u00a0\u00bb radius=\u00a0\u00bblg\u00a0\u00bb shadow=\u00a0\u00bbyes\u00a0\u00bb shadow_weight=\u00a0\u00bblg\u00a0\u00bb css_animation=\u00a0\u00bbparallax\u00a0\u00bb parallax_intensity=\u00a0\u00bb3&Prime; uncode_shortcode_id=\u00a0\u00bb357958&Prime;][vc_single_image media=\u00a0\u00bb172477&Prime; media_width_percent=\u00a0\u00bb100&Prime; media_ratio=\u00a0\u00bbone-one\u00a0\u00bb alignment=\u00a0\u00bbright\u00a0\u00bb shape=\u00a0\u00bbimg-round\u00a0\u00bb radius=\u00a0\u00bblg\u00a0\u00bb shadow=\u00a0\u00bbyes\u00a0\u00bb shadow_weight=\u00a0\u00bblg\u00a0\u00bb uncode_shortcode_id=\u00a0\u00bb132131&Prime;][\/vc_column][vc_column column_width_percent=\u00a0\u00bb100&Prime; position_horizontal=\u00a0\u00bbleft\u00a0\u00bb position_vertical=\u00a0\u00bbmiddle\u00a0\u00bb gutter_size=\u00a0\u00bb3&Prime; overlay_alpha=\u00a0\u00bb50&Prime; shift_x=\u00a0\u00bb0&Prime; shift_y=\u00a0\u00bb0&Prime; shift_y_down=\u00a0\u00bb0&Prime; z_index=\u00a0\u00bb0&Prime; medium_width=\u00a0\u00bb4&Prime; align_mobile=\u00a0\u00bbalign_center_mobile\u00a0\u00bb mobile_width=\u00a0\u00bb0&Prime; width=\u00a0\u00bb6\/12&Prime; uncode_shortcode_id=\u00a0\u00bb573911&Prime;][vc_custom_heading text_color=\u00a0\u00bbcolor-210407&Prime; heading_semantic=\u00a0\u00bbh3&Prime; text_size=\u00a0\u00bbfontsize-155944&Prime; sub_lead=\u00a0\u00bbyes\u00a0\u00bb subheading=\u00a0\u00bbDans le domaine des arbres et de l&apos;arboriculture, l&apos;apprentissage continu est absolument essentiel. Intervenir sur des arbres sans comprendre le comment et le pourquoi de nos actions m\u00e8ne in\u00e9vitablement aux dommages et au d\u00e9p\u00e9rissement. Que vous soyez un propri\u00e9taire \u00e0 la recherche de r\u00e9ponses, un arboriculteur d\u00e9sirant enrichir ses connaissances ou un propri\u00e9taire d&apos;entreprise d&apos;entretien d&apos;arbres souhaitant am\u00e9liorer la s\u00e9curit\u00e9 au travail, vous trouverez votre compte ici. Bienvenue sur la page, Parlons Arbres !   \u00a0\u00bb uncode_shortcode_id=\u00a0\u00bb715150&Prime; text_color_type=\u00a0\u00bbuncode-palette\u00a0\u00bb]Arbres, arboriculteurs et foresterie urbaine : Un blogue d&rsquo;ArboMedic[\/vc_custom_heading][\/vc_column][\/vc_row][vc_row unlock_row_content=\u00a0\u00bbyes\u00a0\u00bb row_height_percent=\u00a0\u00bb0&Prime; override_padding=\u00a0\u00bbyes\u00a0\u00bb h_padding=\u00a0\u00bb3&Prime; top_padding=\u00a0\u00bb3&Prime; bottom_padding=\u00a0\u00bb3&Prime; back_color=\u00a0\u00bbcolor-210407&Prime; overlay_alpha=\u00a0\u00bb100&Prime; gutter_size=\u00a0\u00bb100&Prime; column_width_percent=\u00a0\u00bb100&Prime; shift_y=\u00a0\u00bb0&Prime; z_index=\u00a0\u00bb0&Prime; content_parallax=\u00a0\u00bb0&Prime; style=\u00a0\u00bbinherited\u00a0\u00bb uncode_shortcode_id=\u00a0\u00bb379534&Prime; back_color_type=\u00a0\u00bbuncode-palette\u00a0\u00bb][vc_column column_width_percent=\u00a0\u00bb100&Prime; position_horizontal=\u00a0\u00bbleft\u00a0\u00bb gutter_size=\u00a0\u00bb3&Prime; style=\u00a0\u00bbdark\u00a0\u00bb font_family=\u00a0\u00bbfont-175345&Prime; overlay_alpha=\u00a0\u00bb100&Prime; shift_x=\u00a0\u00bb0&Prime; shift_y=\u00a0\u00bb0&Prime; shift_y_down=\u00a0\u00bb0&Prime; z_index=\u00a0\u00bb0&Prime; medium_width=\u00a0\u00bb0&Prime; mobile_width=\u00a0\u00bb0&Prime; zoom_width=\u00a0\u00bb0&Prime; zoom_height=\u00a0\u00bb0&Prime; width=\u00a0\u00bb1\/1&Prime; uncode_shortcode_id=\u00a0\u00bb103243&Prime;][uncode_index el_id=\u00a0\u00bbindex-17465098822&Prime; loop=\u00a0\u00bbsize:18|order_by:date|order:DESC|post_type:post|taxonomy_count:10&Prime; screen_lg=\u00a0\u00bb1480&Prime; screen_md=\u00a0\u00bb1000&Prime; screen_sm=\u00a0\u00bb480&Prime; filtering=\u00a0\u00bbyes\u00a0\u00bb filter_style=\u00a0\u00bbdark\u00a0\u00bb filtering_full_width=\u00a0\u00bbyes\u00a0\u00bb filtering_position=\u00a0\u00bbright\u00a0\u00bb gutter_size=\u00a0\u00bb3&Prime; post_items=\u00a0\u00bbmedia|featured|onpost|original,title,text|excerpt|120,sep-one|extra,author|md_size|display_qualification,category|transparentbg|topright|display-icon\u00a0\u00bb page_items=\u00a0\u00bbtitle,media,text,category\u00a0\u00bb product_items=\u00a0\u00bbtitle,media,text,category,price\u00a0\u00bb portfolio_items=\u00a0\u00bbtitle,media,text,category\u00a0\u00bb footer_style=\u00a0\u00bbdark\u00a0\u00bb single_width=\u00a0\u00bb15&Prime; images_size=\u00a0\u00bbthree-two\u00a0\u00bb single_back_color=\u00a0\u00bbcolor-xsdn\u00a0\u00bb single_shape=\u00a0\u00bbround\u00a0\u00bb radius=\u00a0\u00bbxs\u00a0\u00bb single_overlay_opacity=\u00a0\u00bb25&Prime; single_text_visible=\u00a0\u00bbyes\u00a0\u00bb single_text_anim=\u00a0\u00bbno\u00a0\u00bb single_padding=\u00a0\u00bb2&Prime; single_title_family=\u00a0\u00bbfont-175345&Prime; single_title_dimension=\u00a0\u00bbh4&Prime; single_title_weight=\u00a0\u00bb400&Prime; single_title_height=\u00a0\u00bbfontheight-357766&Prime; single_title_space=\u00a0\u00bbfontspace-781688&Prime; single_meta_custom_typo=\u00a0\u00bbyes\u00a0\u00bb single_meta_size=\u00a0\u00bbdefault\u00a0\u00bb single_meta_weight=\u00a0\u00bb400&Prime; single_shadow=\u00a0\u00bbyes\u00a0\u00bb shadow_weight=\u00a0\u00bbstd\u00a0\u00bb single_css_animation=\u00a0\u00bbbottom-t-top\u00a0\u00bb single_animation_speed=\u00a0\u00bb1000&Prime; post_matrix=\u00a0\u00bbmatrix\u00a0\u00bb matrix_amount=\u00a0\u00bb2&Prime; single_half_padding=\u00a0\u00bb\u00a0\u00bb single_title_uppercase=\u00a0\u00bb\u00a0\u00bb single_title_bold=\u00a0\u00bbyes\u00a0\u00bb single_title_serif=\u00a0\u00bb\u00a0\u00bb single_title_divider=\u00a0\u00bb\u00a0\u00bb single_no_background=\u00a0\u00bb\u00a0\u00bb footer_position=\u00a0\u00bbleft\u00a0\u00bb carousel_rtl=\u00a0\u00bb\u00a0\u00bb filtering_transform=\u00a0\u00bbuppercase\u00a0\u00bb matrix_items=\u00a0\u00bbeyIwX2kiOnsiaW1hZ2VzX3NpemUiOiJvbmUtb25lIn19&Prime; uncode_shortcode_id=\u00a0\u00bb135172&Prime;][\/vc_column][\/vc_row]<\/p>\n<\/div>","protected":false},"excerpt":{"rendered":"<p>[vc_row row_height_percent=\u00a0\u00bb0&Prime; override_padding=\u00a0\u00bbyes\u00a0\u00bb h_padding=\u00a0\u00bb2&Prime; top_padding=\u00a0\u00bb7&Prime; bottom_padding=\u00a0\u00bb3&Prime; back_color=\u00a0\u00bbcolor-xsdn\u00a0\u00bb overlay_alpha=\u00a0\u00bb50&Prime; gutter_size=\u00a0\u00bb4&Prime; column_width_percent=\u00a0\u00bb100&Prime; shift_y=\u00a0\u00bb0&Prime; z_index=\u00a0\u00bb0&Prime; content_parallax=\u00a0\u00bb0&Prime; uncode_shortcode_id=\u00a0\u00bb121393&Prime; back_color_type=\u00a0\u00bbuncode-palette\u00a0\u00bb][vc_column column_width_percent=\u00a0\u00bb100&Prime; gutter_size=\u00a0\u00bb3&Prime; style=\u00a0\u00bblight\u00a0\u00bb overlay_alpha=\u00a0\u00bb50&Prime; shift_x=\u00a0\u00bb0&Prime; [&hellip;]<\/p>\n","protected":false},"author":4,"featured_media":0,"parent":0,"menu_order":0,"comment_status":"closed","ping_status":"closed","template":"","meta":{"_monsterinsights_skip_tracking":false,"_monsterinsights_sitenote_active":false,"_monsterinsights_sitenote_note":"","_monsterinsights_sitenote_category":0,"footnotes":""},"class_list":["post-173396","page","type-page","status-publish","hentry","page_category-blog-2"],"yoast_head":"<!-- This site is optimized with the Yoast SEO plugin v27.4 - https:\/\/yoast.com\/product\/yoast-seo-wordpress\/ -->\n<title>Blogue - ArboM\u00e9dic<\/title>\n<meta name=\"robots\" content=\"index, follow, max-snippet:-1, max-image-preview:large, max-video-preview:-1\" \/>\n<link rel=\"canonical\" href=\"https:\/\/arbomedic.com\/fr\/blogue\/\" \/>\n<meta property=\"og:locale\" content=\"fr_FR\" \/>\n<meta property=\"og:type\" content=\"article\" \/>\n<meta property=\"og:title\" content=\"Blogue - ArboM\u00e9dic\" \/>\n<meta property=\"og:description\" content=\"[vc_row row_height_percent=\u00a0\u00bb0&Prime; override_padding=\u00a0\u00bbyes\u00a0\u00bb h_padding=\u00a0\u00bb2&Prime; top_padding=\u00a0\u00bb7&Prime; bottom_padding=\u00a0\u00bb3&Prime; back_color=\u00a0\u00bbcolor-xsdn\u00a0\u00bb overlay_alpha=\u00a0\u00bb50&Prime; gutter_size=\u00a0\u00bb4&Prime; column_width_percent=\u00a0\u00bb100&Prime; shift_y=\u00a0\u00bb0&Prime; z_index=\u00a0\u00bb0&Prime; content_parallax=\u00a0\u00bb0&Prime; uncode_shortcode_id=\u00a0\u00bb121393&Prime; back_color_type=\u00a0\u00bbuncode-palette\u00a0\u00bb][vc_column column_width_percent=\u00a0\u00bb100&Prime; gutter_size=\u00a0\u00bb3&Prime; style=\u00a0\u00bblight\u00a0\u00bb overlay_alpha=\u00a0\u00bb50&Prime; shift_x=\u00a0\u00bb0&Prime; [&hellip;]\" \/>\n<meta property=\"og:url\" content=\"https:\/\/arbomedic.com\/fr\/blogue\/\" \/>\n<meta property=\"og:site_name\" content=\"ArboM\u00e9dic\" \/>\n<meta property=\"article:publisher\" content=\"https:\/\/www.facebook.com\/profile.php?id=61577542282703\" \/>\n<meta property=\"article:modified_time\" content=\"2026-04-07T01:55:32+00:00\" \/>\n<meta name=\"twitter:card\" content=\"summary_large_image\" \/>\n<meta name=\"twitter:label1\" content=\"Dur\u00e9e de lecture estim\u00e9e\" \/>\n\t<meta name=\"twitter:data1\" content=\"3 minutes\" \/>\n<script type=\"application\/ld+json\" class=\"yoast-schema-graph\">{\"@context\":\"https:\\\/\\\/schema.org\",\"@graph\":[{\"@type\":\"WebPage\",\"@id\":\"https:\\\/\\\/arbomedic.com\\\/fr\\\/blogue\\\/\",\"url\":\"https:\\\/\\\/arbomedic.com\\\/fr\\\/blogue\\\/\",\"name\":\"Blogue - ArboM\u00e9dic\",\"isPartOf\":{\"@id\":\"https:\\\/\\\/arbomedic.com\\\/fr\\\/#website\"},\"datePublished\":\"2026-04-06T17:55:29+00:00\",\"dateModified\":\"2026-04-07T01:55:32+00:00\",\"breadcrumb\":{\"@id\":\"https:\\\/\\\/arbomedic.com\\\/fr\\\/blogue\\\/#breadcrumb\"},\"inLanguage\":\"fr-FR\",\"potentialAction\":[{\"@type\":\"ReadAction\",\"target\":[\"https:\\\/\\\/arbomedic.com\\\/fr\\\/blogue\\\/\"]}]},{\"@type\":\"BreadcrumbList\",\"@id\":\"https:\\\/\\\/arbomedic.com\\\/fr\\\/blogue\\\/#breadcrumb\",\"itemListElement\":[{\"@type\":\"ListItem\",\"position\":1,\"name\":\"Home\",\"item\":\"https:\\\/\\\/arbomedic.com\\\/fr\\\/arbomedic\\\/\"},{\"@type\":\"ListItem\",\"position\":2,\"name\":\"Blogue\"}]},{\"@type\":\"WebSite\",\"@id\":\"https:\\\/\\\/arbomedic.com\\\/fr\\\/#website\",\"url\":\"https:\\\/\\\/arbomedic.com\\\/fr\\\/\",\"name\":\"ArboMedic\",\"description\":\"Votre expert-conseil en arboriculture \u00e0 Montr\u00e9al.\",\"publisher\":{\"@id\":\"https:\\\/\\\/arbomedic.com\\\/fr\\\/#organization\"},\"potentialAction\":[{\"@type\":\"SearchAction\",\"target\":{\"@type\":\"EntryPoint\",\"urlTemplate\":\"https:\\\/\\\/arbomedic.com\\\/fr\\\/?s={search_term_string}\"},\"query-input\":{\"@type\":\"PropertyValueSpecification\",\"valueRequired\":true,\"valueName\":\"search_term_string\"}}],\"inLanguage\":\"fr-FR\"},{\"@type\":\"Organization\",\"@id\":\"https:\\\/\\\/arbomedic.com\\\/fr\\\/#organization\",\"name\":\"ArboMedic\",\"url\":\"https:\\\/\\\/arbomedic.com\\\/fr\\\/\",\"logo\":{\"@type\":\"ImageObject\",\"inLanguage\":\"fr-FR\",\"@id\":\"https:\\\/\\\/arbomedic.com\\\/fr\\\/#\\\/schema\\\/logo\\\/image\\\/\",\"url\":\"https:\\\/\\\/arbomedic.com\\\/wp-content\\\/uploads\\\/2026\\\/02\\\/logo-ArboMedic.svg\",\"contentUrl\":\"https:\\\/\\\/arbomedic.com\\\/wp-content\\\/uploads\\\/2026\\\/02\\\/logo-ArboMedic.svg\",\"width\":411,\"height\":1756,\"caption\":\"ArboMedic\"},\"image\":{\"@id\":\"https:\\\/\\\/arbomedic.com\\\/fr\\\/#\\\/schema\\\/logo\\\/image\\\/\"},\"sameAs\":[\"https:\\\/\\\/www.facebook.com\\\/profile.php?id=61577542282703\",\"https:\\\/\\\/www.youtube.com\\\/@arbomedic\",\"https:\\\/\\\/www.instagram.com\\\/arbomedic\"]}]}<\/script>\n<!-- \/ Yoast SEO plugin. -->","yoast_head_json":{"title":"Blogue - ArboM\u00e9dic","robots":{"index":"index","follow":"follow","max-snippet":"max-snippet:-1","max-image-preview":"max-image-preview:large","max-video-preview":"max-video-preview:-1"},"canonical":"https:\/\/arbomedic.com\/fr\/blogue\/","og_locale":"fr_FR","og_type":"article","og_title":"Blogue - ArboM\u00e9dic","og_description":"[vc_row row_height_percent=\u00a0\u00bb0&Prime; override_padding=\u00a0\u00bbyes\u00a0\u00bb h_padding=\u00a0\u00bb2&Prime; top_padding=\u00a0\u00bb7&Prime; bottom_padding=\u00a0\u00bb3&Prime; back_color=\u00a0\u00bbcolor-xsdn\u00a0\u00bb overlay_alpha=\u00a0\u00bb50&Prime; gutter_size=\u00a0\u00bb4&Prime; column_width_percent=\u00a0\u00bb100&Prime; shift_y=\u00a0\u00bb0&Prime; z_index=\u00a0\u00bb0&Prime; content_parallax=\u00a0\u00bb0&Prime; uncode_shortcode_id=\u00a0\u00bb121393&Prime; back_color_type=\u00a0\u00bbuncode-palette\u00a0\u00bb][vc_column column_width_percent=\u00a0\u00bb100&Prime; gutter_size=\u00a0\u00bb3&Prime; style=\u00a0\u00bblight\u00a0\u00bb overlay_alpha=\u00a0\u00bb50&Prime; shift_x=\u00a0\u00bb0&Prime; [&hellip;]","og_url":"https:\/\/arbomedic.com\/fr\/blogue\/","og_site_name":"ArboM\u00e9dic","article_publisher":"https:\/\/www.facebook.com\/profile.php?id=61577542282703","article_modified_time":"2026-04-07T01:55:32+00:00","twitter_card":"summary_large_image","twitter_misc":{"Dur\u00e9e de lecture estim\u00e9e":"3 minutes"},"schema":{"@context":"https:\/\/schema.org","@graph":[{"@type":"WebPage","@id":"https:\/\/arbomedic.com\/fr\/blogue\/","url":"https:\/\/arbomedic.com\/fr\/blogue\/","name":"Blogue - ArboM\u00e9dic","isPartOf":{"@id":"https:\/\/arbomedic.com\/fr\/#website"},"datePublished":"2026-04-06T17:55:29+00:00","dateModified":"2026-04-07T01:55:32+00:00","breadcrumb":{"@id":"https:\/\/arbomedic.com\/fr\/blogue\/#breadcrumb"},"inLanguage":"fr-FR","potentialAction":[{"@type":"ReadAction","target":["https:\/\/arbomedic.com\/fr\/blogue\/"]}]},{"@type":"BreadcrumbList","@id":"https:\/\/arbomedic.com\/fr\/blogue\/#breadcrumb","itemListElement":[{"@type":"ListItem","position":1,"name":"Home","item":"https:\/\/arbomedic.com\/fr\/arbomedic\/"},{"@type":"ListItem","position":2,"name":"Blogue"}]},{"@type":"WebSite","@id":"https:\/\/arbomedic.com\/fr\/#website","url":"https:\/\/arbomedic.com\/fr\/","name":"ArboMedic","description":"Votre expert-conseil en arboriculture \u00e0 Montr\u00e9al.","publisher":{"@id":"https:\/\/arbomedic.com\/fr\/#organization"},"potentialAction":[{"@type":"SearchAction","target":{"@type":"EntryPoint","urlTemplate":"https:\/\/arbomedic.com\/fr\/?s={search_term_string}"},"query-input":{"@type":"PropertyValueSpecification","valueRequired":true,"valueName":"search_term_string"}}],"inLanguage":"fr-FR"},{"@type":"Organization","@id":"https:\/\/arbomedic.com\/fr\/#organization","name":"ArboMedic","url":"https:\/\/arbomedic.com\/fr\/","logo":{"@type":"ImageObject","inLanguage":"fr-FR","@id":"https:\/\/arbomedic.com\/fr\/#\/schema\/logo\/image\/","url":"https:\/\/arbomedic.com\/wp-content\/uploads\/2026\/02\/logo-ArboMedic.svg","contentUrl":"https:\/\/arbomedic.com\/wp-content\/uploads\/2026\/02\/logo-ArboMedic.svg","width":411,"height":1756,"caption":"ArboMedic"},"image":{"@id":"https:\/\/arbomedic.com\/fr\/#\/schema\/logo\/image\/"},"sameAs":["https:\/\/www.facebook.com\/profile.php?id=61577542282703","https:\/\/www.youtube.com\/@arbomedic","https:\/\/www.instagram.com\/arbomedic"]}]}},"_links":{"self":[{"href":"https:\/\/arbomedic.com\/fr\/wp-json\/wp\/v2\/pages\/173396","targetHints":{"allow":["GET"]}}],"collection":[{"href":"https:\/\/arbomedic.com\/fr\/wp-json\/wp\/v2\/pages"}],"about":[{"href":"https:\/\/arbomedic.com\/fr\/wp-json\/wp\/v2\/types\/page"}],"author":[{"embeddable":true,"href":"https:\/\/arbomedic.com\/fr\/wp-json\/wp\/v2\/users\/4"}],"replies":[{"embeddable":true,"href":"https:\/\/arbomedic.com\/fr\/wp-json\/wp\/v2\/comments?post=173396"}],"version-history":[{"count":21,"href":"https:\/\/arbomedic.com\/fr\/wp-json\/wp\/v2\/pages\/173396\/revisions"}],"predecessor-version":[{"id":173646,"href":"https:\/\/arbomedic.com\/fr\/wp-json\/wp\/v2\/pages\/173396\/revisions\/173646"}],"wp:attachment":[{"href":"https:\/\/arbomedic.com\/fr\/wp-json\/wp\/v2\/media?parent=173396"}],"curies":[{"name":"wp","href":"https:\/\/api.w.org\/{rel}","templated":true}]}}